{"id":283,"date":"2026-03-20T14:10:18","date_gmt":"2026-03-20T14:10:18","guid":{"rendered":"https:\/\/renkaidenvaihto.pro\/?page_id=283"},"modified":"2026-04-05T18:50:18","modified_gmt":"2026-04-05T18:50:18","slug":"sv","status":"publish","type":"page","link":"https:\/\/renkaidenvaihto.pro\/?page_id=283","title":{"rendered":"SV"},"content":{"rendered":"\n<div class=\"wp-block-group alignfull has-base-2-color has-text-color has-link-color has-medium-font-size wp-elements-2b132f1039e5ba080133eb33e78bd7ae has-global-padding is-layout-constrained wp-container-core-group-is-layout-c2ffd917 wp-block-group-is-layout-constrained has-background\" style=\"border-style:none;border-width:0px;min-height:0px;margin-top:0;margin-bottom:0;padding-top:var(--wp--preset--spacing--40);padding-right:0;padding-bottom:var(--wp--preset--spacing--40);padding-left:0;background-image:url(&apos;https:\/\/renkaidenvaihto.pro\/wp-content\/uploads\/2026\/03\/1000005690-1-scaled.png&apos;);background-position:47% 44%;background-size:cover;background-attachment:scroll;\">\n<div class=\"wp-block-group has-base-2-color has-text-color has-link-color has-medium-font-size wp-elements-6c52a018b7109eb1c3180a82d20fb5f0 is-content-justification-right is-layout-flex wp-container-core-group-is-layout-0c0c9e10 wp-block-group-is-layout-flex\" style=\"font-style:normal;font-weight:100;line-height:0;text-decoration:underline\">\n<p><a href=\"https:\/\/renkaidenvaihto.pro\/\" data-type=\"page\" data-id=\"75\">FI<\/a><\/p>\n\n\n\n<p><a href=\"https:\/\/renkaidenvaihto.pro\/?page_id=294&amp;preview=true\" data-type=\"link\" data-id=\"https:\/\/renkaidenvaihto.pro\/?page_id=294&amp;preview=true\">EN<\/a><\/p>\n<\/div>\n\n\n\n<h2 class=\"wp-block-heading has-text-align-center has-text-color has-link-color has-body-font-family wp-elements-8301050fc73c06b2f92af7bb7527e433\" style=\"color:#ec232c;font-size:clamp(1.648rem, 1.648rem + ((1vw - 0.2rem) * 1.92), 2.8rem);font-style:normal;font-weight:900;line-height:0\">DRIVE-IN<\/h2>\n\n\n\n<h1 class=\"wp-block-heading has-text-align-center is-style-default has-base-2-color has-text-color has-link-color has-body-font-family wp-elements-9d8c736062fd9ff6cc84b000905b3b6f\" style=\"font-size:clamp(1.6rem, 1.6rem + ((1vw - 0.2rem) * 1.833), 2.7rem);font-style:normal;font-weight:900;line-height:1.1\">D\u00c4CKBYTE<br>I DICKURSBY<\/h1>\n\n\n\n<h1 class=\"wp-block-heading has-text-align-center is-style-default has-text-color has-link-color has-body-font-family wp-elements-7b3779f733d427e0ba89cf54d8ff2157\" style=\"color:#ec232c;font-size:clamp(1.25rem, 1.25rem + ((1vw - 0.2rem) * 1.25), 2rem);font-style:normal;font-weight:700;line-height:0\">UTAN TIDSBOKNING<\/h1>\n\n\n\n<p class=\"has-text-align-center\" style=\"margin-top:var(--wp--preset--spacing--10);margin-bottom:var(--wp--preset--spacing--10);font-size:clamp(0.929rem, 0.929rem + ((1vw - 0.2rem) * 0.785), 1.4rem);font-style:normal;font-weight:900\">\u2193du kan ocks\u00e5 boka en tid\u2193<\/p>\n\n\n\n<div class=\"wp-block-columns is-not-stacked-on-mobile is-layout-flex wp-container-core-columns-is-layout-28f84493 wp-block-columns-is-layout-flex\">\n<div class=\"wp-block-column is-layout-flow wp-block-column-is-layout-flow\" style=\"flex-basis:35%\"><\/div>\n\n\n\n<div class=\"wp-block-column is-layout-flow wp-container-core-column-is-layout-b2a27621 wp-block-column-is-layout-flow\" style=\"padding-top:0;padding-right:0;padding-bottom:0;padding-left:0;flex-basis:50%\">\n<div class=\"wp-block-group has-global-padding is-layout-constrained wp-container-core-group-is-layout-4897f5cc wp-block-group-is-layout-constrained\" style=\"border-style:none;border-width:0px;border-top-left-radius:0px;border-top-right-radius:0px;border-bottom-left-radius:0px;border-bottom-right-radius:0px;min-height:0px;margin-top:0;margin-bottom:0;padding-top:0;padding-bottom:0\">\n<p class=\"has-text-align-center has-base-2-color has-text-color has-link-color has-medium-font-size wp-elements-2820dcf6c324e815360277fcd1229981\" style=\"margin-top:0;margin-right:0;margin-bottom:0;margin-left:0;font-style:normal;font-weight:800\">\u00d6PPET<br>vardagar 10-18<br>l\u00f6rdagar 10-15<\/p>\n<\/div>\n<\/div>\n\n\n\n<div class=\"wp-block-column is-layout-flow wp-block-column-is-layout-flow\" style=\"flex-basis:35%\"><\/div>\n<\/div>\n\n\n\n<div class=\"wp-block-group has-medium-font-size has-global-padding is-layout-constrained wp-container-core-group-is-layout-639b5052 wp-block-group-is-layout-constrained\" style=\"padding-top:0;padding-right:0;padding-bottom:0;padding-left:0\">\n<div class=\"wp-block-group has-global-padding is-layout-constrained wp-block-group-is-layout-constrained\">\n<p class=\"has-text-align-center has-body-font-family\" style=\"margin-top:0;margin-bottom:0;padding-top:0;padding-bottom:0;font-size:clamp(0.957rem, 0.957rem + ((1vw - 0.2rem) * 0.822), 1.45rem);font-style:normal;font-weight:600\">V\u00e4lkommen p\u00e5 d\u00e4ckbyte n\u00e4r det passar dig<br>Vi betj\u00e4nar snabbt och p\u00e5litligt<\/p>\n<\/div>\n\n\n\n<div class=\"wp-block-group has-medium-font-size has-global-padding is-layout-constrained wp-block-group-is-layout-constrained\">\n<p class=\"has-text-align-center has-body-font-family\" style=\"font-size:clamp(0.957rem, 0.957rem + ((1vw - 0.2rem) * 0.822), 1.45rem);font-style:normal;font-weight:600\">K\u00f6r direkt till platsen &#8211; vi sk\u00f6ter resten<\/p>\n\n\n\n<p class=\"has-text-align-center has-text-color has-link-color wp-elements-ef495f68c3b4481f70f648e83ba2e9e7\" style=\"color:#ec232c\">___________________________________________<\/p>\n<\/div>\n<\/div>\n\n\n\n<div class=\"wp-block-columns is-not-stacked-on-mobile has-medium-font-size is-layout-flex wp-container-core-columns-is-layout-28f84493 wp-block-columns-is-layout-flex\" style=\"font-style:normal;font-weight:900\">\n<div class=\"wp-block-column is-layout-flow wp-block-column-is-layout-flow\">\n<p class=\"has-text-align-right\">D\u00e4ck<\/p>\n<\/div>\n\n\n\n<div class=\"wp-block-column is-layout-flow wp-block-column-is-layout-flow\">\n<p class=\"has-text-align-center\">D\u00e4ckhotell<\/p>\n<\/div>\n\n\n\n<div class=\"wp-block-column is-layout-flow wp-block-column-is-layout-flow\">\n<p>F\u00e4lgar<\/p>\n<\/div>\n<\/div>\n<\/div>\n\n\n\n<div style=\"height:6px\" aria-hidden=\"true\" class=\"wp-block-spacer\"><\/div>\n\n\n\n<div class=\"wp-block-group is-vertical is-content-justification-center is-layout-flex wp-container-core-group-is-layout-52b864f0 wp-block-group-is-layout-flex\">\n<p class=\"has-contrast-color has-text-color has-link-color has-body-font-family has-large-font-size wp-elements-0f24ea54d20b1470ba79fbdb5452677d\" style=\"font-style:normal;font-weight:700\">PRISLISTA<\/p>\n\n\n\n<div class=\"wp-block-columns is-not-stacked-on-mobile is-layout-flex wp-container-core-columns-is-layout-ec2e7a44 wp-block-columns-is-layout-flex\" style=\"padding-top:0;padding-bottom:0\">\n<div class=\"wp-block-column is-layout-flow wp-block-column-is-layout-flow\">\n<div class=\"wp-block-group is-vertical is-layout-flex wp-container-core-group-is-layout-fe9cc265 wp-block-group-is-layout-flex\">\n<figure class=\"wp-block-gallery has-nested-images columns-default is-cropped wp-block-gallery-1 is-layout-flex wp-block-gallery-is-layout-flex\">\n<figure class=\"wp-block-image size-large\"><img fetchpriority=\"high\" decoding=\"async\" width=\"1024\" height=\"1024\" data-id=\"368\" src=\"https:\/\/renkaidenvaihto.pro\/wp-content\/uploads\/2026\/03\/1000005683-1024x1024.png\" alt=\"\" class=\"wp-image-368\" srcset=\"https:\/\/renkaidenvaihto.pro\/wp-content\/uploads\/2026\/03\/1000005683-1024x1024.png 1024w, https:\/\/renkaidenvaihto.pro\/wp-content\/uploads\/2026\/03\/1000005683-300x300.png 300w, https:\/\/renkaidenvaihto.pro\/wp-content\/uploads\/2026\/03\/1000005683-150x150.png 150w, https:\/\/renkaidenvaihto.pro\/wp-content\/uploads\/2026\/03\/1000005683-768x768.png 768w, https:\/\/renkaidenvaihto.pro\/wp-content\/uploads\/2026\/03\/1000005683-1536x1536.png 1536w, https:\/\/renkaidenvaihto.pro\/wp-content\/uploads\/2026\/03\/1000005683.png 2000w\" sizes=\"(max-width: 1024px) 100vw, 1024px\" \/><\/figure>\n<\/figure>\n\n\n\n<p class=\"has-body-font-family\" style=\"font-size:clamp(0.929rem, 0.929rem + ((1vw - 0.2rem) * 0.785), 1.4rem);font-style:normal;font-weight:700\">D\u00c4CKBYTE <\/p>\n<\/div>\n<\/div>\n\n\n\n<div class=\"wp-block-column is-layout-flow wp-block-column-is-layout-flow\">\n<div class=\"wp-block-group is-vertical is-layout-flex wp-container-core-group-is-layout-fe9cc265 wp-block-group-is-layout-flex\">\n<figure class=\"wp-block-image size-large\"><img decoding=\"async\" width=\"1024\" height=\"1024\" src=\"https:\/\/renkaidenvaihto.pro\/wp-content\/uploads\/2026\/03\/1000005681-1024x1024.png\" alt=\"\" class=\"wp-image-365\" srcset=\"https:\/\/renkaidenvaihto.pro\/wp-content\/uploads\/2026\/03\/1000005681-1024x1024.png 1024w, https:\/\/renkaidenvaihto.pro\/wp-content\/uploads\/2026\/03\/1000005681-300x300.png 300w, https:\/\/renkaidenvaihto.pro\/wp-content\/uploads\/2026\/03\/1000005681-150x150.png 150w, https:\/\/renkaidenvaihto.pro\/wp-content\/uploads\/2026\/03\/1000005681-768x768.png 768w, https:\/\/renkaidenvaihto.pro\/wp-content\/uploads\/2026\/03\/1000005681-1536x1536.png 1536w, https:\/\/renkaidenvaihto.pro\/wp-content\/uploads\/2026\/03\/1000005681.png 2000w\" sizes=\"(max-width: 1024px) 100vw, 1024px\" \/><\/figure>\n\n\n\n<p class=\"has-body-font-family\" style=\"font-size:clamp(0.929rem, 0.929rem + ((1vw - 0.2rem) * 0.785), 1.4rem);font-style:normal;font-weight:700\">D\u00c4CKHOTELL <\/p>\n<\/div>\n<\/div>\n<\/div>\n<\/div>\n\n\n\n<figure class=\"wp-block-image size-large\"><img decoding=\"async\" width=\"1024\" height=\"336\" src=\"https:\/\/renkaidenvaihto.pro\/wp-content\/uploads\/2026\/03\/1000005632-1024x336.png\" alt=\"\" class=\"wp-image-331\" srcset=\"https:\/\/renkaidenvaihto.pro\/wp-content\/uploads\/2026\/03\/1000005632-1024x336.png 1024w, https:\/\/renkaidenvaihto.pro\/wp-content\/uploads\/2026\/03\/1000005632-300x98.png 300w, https:\/\/renkaidenvaihto.pro\/wp-content\/uploads\/2026\/03\/1000005632-768x252.png 768w, https:\/\/renkaidenvaihto.pro\/wp-content\/uploads\/2026\/03\/1000005632-1536x504.png 1536w, https:\/\/renkaidenvaihto.pro\/wp-content\/uploads\/2026\/03\/1000005632.png 2048w\" sizes=\"(max-width: 1024px) 100vw, 1024px\" \/><\/figure>\n\n\n\n<p data-wp-context---core-fit-text=\"core\/fit-text::{&quot;fontSize&quot;:&quot;&quot;}\" data-wp-init---core-fit-text=\"core\/fit-text::callbacks.init\" data-wp-interactive data-wp-style--font-size=\"core\/fit-text::context.fontSize\" class=\"has-fit-text has-text-color has-link-color wp-elements-2b962bb3276af3898e7da86ec4480bb6\" style=\"color:#ec232c\">_____________________________________________________________________<\/p>\n\n\n\n<script>\n  if (typeof hasAmeliaEntitiesApiCall === 'undefined' && ('' === '' && '' !== '1')) {\n    var hasAmeliaEntitiesApiCall = true;\n  }\n  var ameliaShortcodeData = (typeof ameliaShortcodeData === 'undefined') ? [] : ameliaShortcodeData;\n  ameliaShortcodeData.push(\n    {\n      'hasApiCall': (typeof hasAmeliaEntitiesApiCall !== 'undefined') && hasAmeliaEntitiesApiCall,\n      'trigger': '',\n      'trigger_type': '',\n      'triggered_form': 'sbsNew',\n      'in_dialog': '',\n      'show': '',\n      'counter': '1000',\n      'category': '',\n      'service': '',\n      'employee': '',\n      'location': '',\n      'package': '',\n      'layout': '1',\n    }\n  );\n\n  var ameliaShortcodeDataTriggered = (typeof ameliaShortcodeDataTriggered === 'undefined') ? [] : ameliaShortcodeDataTriggered;\n  if (ameliaShortcodeData[ameliaShortcodeData.length - 1].trigger !== '') {\n    if (ameliaShortcodeDataTriggered.filter(a => a.counter === ameliaShortcodeData[ameliaShortcodeData.length - 1].counter).length === 0) {\n      ameliaShortcodeDataTriggered.push(ameliaShortcodeData.pop());\n    } else {\n      ameliaShortcodeData.pop()\n    }\n  }\n  if (typeof hasAmeliaEntitiesApiCall !== 'undefined' && hasAmeliaEntitiesApiCall) {\n    hasAmeliaEntitiesApiCall = false;\n  }\n<\/script>\n\n<div\n  id=\"amelia-v2-booking-1000\"\n  class=\"amelia-v2-booking\"\n >\n    <step-form-wrapper><\/step-form-wrapper><\/div>\n\n\n\n<div class=\"wp-block-columns is-layout-flex wp-container-core-columns-is-layout-28f84493 wp-block-columns-is-layout-flex\">\n<div class=\"wp-block-column is-layout-flow wp-block-column-is-layout-flow\" style=\"flex-basis:33.33%\">\n<div class=\"wp-block-group has-body-font-family is-vertical is-layout-flex wp-container-core-group-is-layout-fe9cc265 wp-block-group-is-layout-flex\">\n<p class=\"has-large-font-size\" style=\"font-style:normal;font-weight:700\">L\u00c4GE<\/p>\n\n\n\n<p class=\"has-body-font-family has-medium-font-size\" style=\"font-style:normal;font-weight:500\">V\u00e4stra Vitb\u00e4cksv\u00e4gen 58, 01300 Dickursby, Vanda<\/p>\n<\/div>\n<\/div>\n\n\n\n<div class=\"wp-block-column is-layout-flow wp-block-column-is-layout-flow\" style=\"flex-basis:66.66%\"><div id=\"wpgmza_map_1\" class=\"wpgmza_map\" style=\"display:block;width:100%;height:400px;overflow:hidden;position:relative;\" data-map-id=\"1\" data-maps-engine=\"open-layers\" data-build-engine=\"atlas-novus\" data-shortcode-attributes=\"{&quot;id&quot;:&quot;1&quot;,&quot;zoom&quot;:false,&quot;width&quot;:false,&quot;height&quot;:false,&quot;marker&quot;:false,&quot;classname&quot;:false}\" data-settings=\"{&quot;map_title&quot;:&quot;My first map&quot;,&quot;map_width&quot;:&quot;100&quot;,&quot;map_height&quot;:&quot;400&quot;,&quot;map_start_lat&quot;:&quot;60.302005458668106&quot;,&quot;map_start_lng&quot;:&quot;25.020729678202976&quot;,&quot;map_start_location&quot;:&quot;45.950464398418106,-109.81550500000003&quot;,&quot;map_start_zoom&quot;:&quot;18&quot;,&quot;default_marker&quot;:&quot;&quot;,&quot;type&quot;:&quot;1&quot;,&quot;alignment&quot;:&quot;4&quot;,&quot;directions_enabled&quot;:&quot;0&quot;,&quot;styling_enabled&quot;:&quot;0&quot;,&quot;styling_json&quot;:&quot;&quot;,&quot;active&quot;:&quot;0&quot;,&quot;kml&quot;:&quot;&quot;,&quot;bicycle&quot;:&quot;0&quot;,&quot;traffic&quot;:&quot;0&quot;,&quot;dbox&quot;:&quot;0&quot;,&quot;dbox_width&quot;:&quot;&quot;,&quot;listmarkers&quot;:&quot;0&quot;,&quot;listmarkers_advanced&quot;:&quot;0&quot;,&quot;filterbycat&quot;:&quot;0&quot;,&quot;ugm_enabled&quot;:&quot;0&quot;,&quot;ugm_category_enabled&quot;:&quot;0&quot;,&quot;fusion&quot;:&quot;&quot;,&quot;map_width_type&quot;:&quot;%&quot;,&quot;map_height_type&quot;:&quot;px&quot;,&quot;mass_marker_support&quot;:&quot;0&quot;,&quot;ugm_access&quot;:&quot;0&quot;,&quot;order_markers_by&quot;:&quot;0&quot;,&quot;order_markers_choice&quot;:&quot;0&quot;,&quot;show_user_location&quot;:&quot;0&quot;,&quot;default_to&quot;:&quot;&quot;,&quot;map_type&quot;:1,&quot;sl_stroke_color&quot;:&quot;&quot;,&quot;sl_fill_color&quot;:&quot;&quot;,&quot;sl_stroke_opacity&quot;:&quot;&quot;,&quot;sl_fill_opacity&quot;:&quot;&quot;,&quot;transport_layer&quot;:false,&quot;action&quot;:&quot;wpgmza_save_map&quot;,&quot;redirect_to&quot;:&quot;\\\/wordpress\\\/wp-admin\\\/admin-post.php&quot;,&quot;map_id&quot;:&quot;1&quot;,&quot;wpgmza_savemap&quot;:&quot;Tallenna kartta&quot;,&quot;http_referer&quot;:&quot;\\\/wordpress\\\/wp-admin\\\/admin.php?page=wp-google-maps-menu&amp;amp;action=edit&amp;amp;map_id=1&quot;,&quot;wpgmza_id&quot;:&quot;1&quot;,&quot;wpgmza_start_location&quot;:&quot;60.302005458668106,25.020729678202976&quot;,&quot;wpgmza_start_zoom&quot;:&quot;18&quot;,&quot;wpgmza_map_align&quot;:&quot;4&quot;,&quot;store_locator_enabled&quot;:false,&quot;store_locator_distance&quot;:false,&quot;store_locator_search_area&quot;:&quot;radial&quot;,&quot;wpgmza_store_locator_default_radius&quot;:&quot;100&quot;,&quot;store_locator_auto_area_max_zoom&quot;:&quot;&quot;,&quot;wpgmza_store_locator_radius_style&quot;:&quot;legacy&quot;,&quot;store_locator_component_anchor&quot;:&quot;0&quot;,&quot;store_locator_button_style&quot;:&quot;&quot;,&quot;wpgmza_store_locator_bounce&quot;:false,&quot;wpgmza_sl_animation&quot;:null,&quot;store_locator_query_string&quot;:&quot;&quot;,&quot;store_locator_location_placeholder&quot;:&quot;&quot;,&quot;store_locator_default_address&quot;:&quot;&quot;,&quot;store_locator_name_search&quot;:false,&quot;store_locator_name_string&quot;:&quot;&quot;,&quot;store_locator_not_found_message&quot;:&quot;&quot;,&quot;store_locator_show_distance&quot;:false,&quot;store_locator_category&quot;:false,&quot;wpgmza_store_locator_use_their_location&quot;:false,&quot;wpgmza_store_locator_hide_before_search&quot;:false,&quot;store_locator_nearby_searches&quot;:false,&quot;wpgmza_theme_data&quot;:&quot;&quot;,&quot;custom_tile_enabled&quot;:false,&quot;custom_tile_image&quot;:&quot;&quot;,&quot;custom_tile_image_width&quot;:&quot;&quot;,&quot;custom_tile_image_height&quot;:&quot;&quot;,&quot;custom_tile_image_attribution&quot;:&quot;&quot;,&quot;iw_anchor_panel_card&quot;:null,&quot;iw_primary_color&quot;:&quot;#000000&quot;,&quot;iw_accent_color&quot;:&quot;#000000&quot;,&quot;iw_text_color&quot;:&quot;#000000&quot;,&quot;close_infowindow_on_map_click&quot;:false,&quot;marker_share_links&quot;:false,&quot;wpgmza_listmarkers_by&quot;:&quot;0&quot;,&quot;marker_listing_component_anchor&quot;:null,&quot;marker_listing_component_auto_open&quot;:false,&quot;marker_listing_nudge_marker_center&quot;:false,&quot;marker_listing_nudge_x&quot;:&quot;&quot;,&quot;marker_listing_nudge_y&quot;:&quot;&quot;,&quot;category_filter_component_anchor&quot;:null,&quot;category_filter_label_string&quot;:&quot;&quot;,&quot;zoom_level_on_marker_listing_override&quot;:false,&quot;zoom_level_on_marker_listing_click&quot;:&quot;&quot;,&quot;marker_listing_disable_zoom&quot;:false,&quot;dataTable_pagination_style&quot;:null,&quot;datatable_no_result_message&quot;:&quot;&quot;,&quot;remove_search_box_datables&quot;:false,&quot;datatable_search_string&quot;:&quot;&quot;,&quot;datatable_result_start&quot;:&quot;&quot;,&quot;datatable_result_of&quot;:&quot;&quot;,&quot;datatable_result_to&quot;:&quot;&quot;,&quot;datatable_result_total&quot;:&quot;&quot;,&quot;datatable_result_show&quot;:&quot;&quot;,&quot;datatable_result_entries&quot;:&quot;&quot;,&quot;category_legends_enabled&quot;:false,&quot;category_legends_component_anchor&quot;:null,&quot;category_legends_style&quot;:null,&quot;category_legends_label_string&quot;:&quot;&quot;,&quot;jump_to_nearest_marker_on_initialization&quot;:false,&quot;click_open_link&quot;:false,&quot;wpgmza_zoom_on_marker_click&quot;:false,&quot;wpgmza_zoom_on_marker_click_slider&quot;:&quot;&quot;,&quot;enable_marker_labels&quot;:false,&quot;polygon_labels&quot;:false,&quot;disable_polygon_info_windows&quot;:false,&quot;shape_filtering&quot;:false,&quot;fit_maps_bounds_to_markers&quot;:false,&quot;fit_maps_bounds_to_markers_after_filtering&quot;:false,&quot;restrict_map_bounds&quot;:false,&quot;restrict_boundary_corner_a&quot;:&quot;&quot;,&quot;restrict_boundary_corner_b&quot;:&quot;&quot;,&quot;automatically_pan_to_users_location&quot;:false,&quot;enable_user_location_control&quot;:false,&quot;override_users_location_zoom_level&quot;:false,&quot;override_users_location_zoom_levels&quot;:&quot;&quot;,&quot;show_distance_from_location&quot;:false,&quot;map_starts_in_streetview&quot;:false,&quot;map_starts_in_streetview_location&quot;:&quot;&quot;,&quot;map_starts_in_streetview_heading&quot;:&quot;&quot;,&quot;map_starts_in_streetview_pitch&quot;:&quot;&quot;,&quot;map_max_zoom&quot;:&quot;21&quot;,&quot;map_min_zoom&quot;:&quot;5&quot;,&quot;hide_point_of_interest&quot;:false,&quot;disable_lightbox_images&quot;:false,&quot;use_Raw_Jpeg_Coordinates&quot;:false,&quot;enable_marker_ratings&quot;:false,&quot;enable_map_reset_control&quot;:false,&quot;zoom_level_mobile_override_enabled&quot;:false,&quot;zoom_level_mobile_override&quot;:&quot;&quot;,&quot;map_dimensions_mobile_override_enabled&quot;:false,&quot;map_mobile_width&quot;:&quot;100&quot;,&quot;map_mobile_width_type&quot;:&quot;%&quot;,&quot;map_mobile_height&quot;:&quot;200&quot;,&quot;map_mobile_height_type&quot;:&quot;px&quot;,&quot;lazyload_info_window_content&quot;:false,&quot;only_load_markers_within_viewport&quot;:false,&quot;wpgmza_ol_tile_filter&quot;:&quot;none&quot;,&quot;tile_server_override&quot;:&quot;&quot;,&quot;id&quot;:1}\" ><\/div><\/div>\n<\/div>\n","protected":false},"excerpt":{"rendered":"<p>FI EN DRIVE-IN D\u00c4CKBYTEI DICKURSBY UTAN TIDSBOKNING \u2193du kan ocks\u00e5 boka en tid\u2193 \u00d6PPETvardagar 10-18l\u00f6rdagar 10-15 V\u00e4lkommen p\u00e5 d\u00e4ckbyte n\u00e4r det passar digVi betj\u00e4nar snabbt och p\u00e5litligt K\u00f6r direkt till platsen &#8211; vi sk\u00f6ter resten ___________________________________________ D\u00e4ck D\u00e4ckhotell F\u00e4lgar PRISLISTA D\u00c4CKBYTE D\u00c4CKHOTELL _____________________________________________________________________ L\u00c4GE V\u00e4stra Vitb\u00e4cksv\u00e4gen 58, 01300 Dickursby, Vanda<\/p>\n","protected":false},"author":1,"featured_media":0,"parent":0,"menu_order":0,"comment_status":"closed","ping_status":"closed","template":"page-no-title","meta":{"footnotes":""},"class_list":["post-283","page","type-page","status-publish","hentry"],"_links":{"self":[{"href":"https:\/\/renkaidenvaihto.pro\/index.php?rest_route=\/wp\/v2\/pages\/283","targetHints":{"allow":["GET"]}}],"collection":[{"href":"https:\/\/renkaidenvaihto.pro\/index.php?rest_route=\/wp\/v2\/pages"}],"about":[{"href":"https:\/\/renkaidenvaihto.pro\/index.php?rest_route=\/wp\/v2\/types\/page"}],"author":[{"embeddable":true,"href":"https:\/\/renkaidenvaihto.pro\/index.php?rest_route=\/wp\/v2\/users\/1"}],"replies":[{"embeddable":true,"href":"https:\/\/renkaidenvaihto.pro\/index.php?rest_route=%2Fwp%2Fv2%2Fcomments&post=283"}],"version-history":[{"count":23,"href":"https:\/\/renkaidenvaihto.pro\/index.php?rest_route=\/wp\/v2\/pages\/283\/revisions"}],"predecessor-version":[{"id":411,"href":"https:\/\/renkaidenvaihto.pro\/index.php?rest_route=\/wp\/v2\/pages\/283\/revisions\/411"}],"wp:attachment":[{"href":"https:\/\/renkaidenvaihto.pro\/index.php?rest_route=%2Fwp%2Fv2%2Fmedia&parent=283"}],"curies":[{"name":"wp","href":"https:\/\/api.w.org\/{rel}","templated":true}]}}